{"id":6028,"date":"2024-07-16T17:59:07","date_gmt":"2024-07-16T14:59:07","guid":{"rendered":"https:\/\/www.sturdymachine.com\/urun\/sm-400-bag-electrofusion-welding-machine\/"},"modified":"2024-12-03T14:51:30","modified_gmt":"2024-12-03T11:51:30","slug":"sm-400-cantali-elektrofuzyon-kaynak-makinesi","status":"publish","type":"product","link":"https:\/\/www.sturdymachine.com\/en\/urun\/sm-400-cantali-elektrofuzyon-kaynak-makinesi\/","title":{"rendered":"Sm-400 Bag Electrofusion Welding Machine"},"content":{"rendered":"<p>Kaynak \u00c7ap\u0131 20-400 mm<br \/>\nGiri\u015f Voltaj\u0131 160-270V AC 50 \u2013 60 Hz<br \/>\n\u00c7\u0131k\u0131\u015f Voltaj\u0131 8-48 V AC<br \/>\n\u00c7\u0131k\u0131\u015f G\u00fcc\u00fc 2200 W<br \/>\nMax. \u00c7\u0131k\u0131\u015f Ak\u0131m\u0131 60 Amp<br \/>\nKoruma S\u0131n\u0131f\u0131 IP54<br \/>\n\u00c7al\u0131\u015fma S\u0131cakl\u0131\u011f\u0131 -20 oC +60 oC<br \/>\nBoyutlar 460mm X 358mm X 185mm<br \/>\nA\u011f\u0131rl\u0131k 19 Kg<br \/>\nGiri\u015f Kablosu 3m<br \/>\n\u00c7\u0131k\u0131\u015f Kablosu 3m<br \/>\nKablosuz Barkod Okuyucu \u221a<br \/>\nOperat\u00f6r Modu \u221a<br \/>\nKaz\u0131y\u0131c\u0131 \u221a<br \/>\nManuel Kaynak \u221a<br \/>\nRapor Kapasitesi 4000<\/p>\n","protected":false},"excerpt":{"rendered":"<p>Sm-400 Bag Electrofusion Welding Machine<\/p>\n","protected":false},"featured_media":6004,"comment_status":"open","ping_status":"closed","template":"","meta":[],"product_brand":[],"product_cat":[98],"product_tag":[],"class_list":{"0":"post-6028","1":"product","2":"type-product","3":"status-publish","4":"has-post-thumbnail","6":"product_cat-electrofusion-welding-machines","8":"first","9":"instock","10":"shipping-taxable","11":"product-type-simple"},"_links":{"self":[{"href":"https:\/\/www.sturdymachine.com\/en\/wp-json\/wp\/v2\/product\/6028","targetHints":{"allow":["GET"]}}],"collection":[{"href":"https:\/\/www.sturdymachine.com\/en\/wp-json\/wp\/v2\/product"}],"about":[{"href":"https:\/\/www.sturdymachine.com\/en\/wp-json\/wp\/v2\/types\/product"}],"replies":[{"embeddable":true,"href":"https:\/\/www.sturdymachine.com\/en\/wp-json\/wp\/v2\/comments?post=6028"}],"version-history":[{"count":7,"href":"https:\/\/www.sturdymachine.com\/en\/wp-json\/wp\/v2\/product\/6028\/revisions"}],"predecessor-version":[{"id":6500,"href":"https:\/\/www.sturdymachine.com\/en\/wp-json\/wp\/v2\/product\/6028\/revisions\/6500"}],"wp:featuredmedia":[{"embeddable":true,"href":"https:\/\/www.sturdymachine.com\/en\/wp-json\/wp\/v2\/media\/6004"}],"wp:attachment":[{"href":"https:\/\/www.sturdymachine.com\/en\/wp-json\/wp\/v2\/media?parent=6028"}],"wp:term":[{"taxonomy":"product_brand","embeddable":true,"href":"https:\/\/www.sturdymachine.com\/en\/wp-json\/wp\/v2\/product_brand?post=6028"},{"taxonomy":"product_cat","embeddable":true,"href":"https:\/\/www.sturdymachine.com\/en\/wp-json\/wp\/v2\/product_cat?post=6028"},{"taxonomy":"product_tag","embeddable":true,"href":"https:\/\/www.sturdymachine.com\/en\/wp-json\/wp\/v2\/product_tag?post=6028"}],"curies":[{"name":"wp","href":"https:\/\/api.w.org\/{rel}","templated":true}]}}